{"id":465,"date":"2019-04-05T01:57:53","date_gmt":"2019-04-05T01:57:53","guid":{"rendered":"http:\/\/22481.nhandh.vinawebsite.vn\/lien-he\/"},"modified":"2021-11-08T03:17:16","modified_gmt":"2021-11-08T03:17:16","slug":"contact","status":"publish","type":"page","link":"https:\/\/gialoiprinting.com.vn\/en\/contact\/","title":{"rendered":"Contact"},"content":{"rendered":"<div class=\"row row-small\"  id=\"row-1414897710\">\n\n<div class=\"col small-12 large-12\"  ><div class=\"col-inner\"  >\n\n<div class=\"slider-wrapper relative\" id=\"slider-1933484290\" >\n    <div class=\"slider slider-nav-dots-dashes slider-nav-simple slider-nav-large slider-nav-light slider-style-normal\"\n        data-flickity-options='{\n            \"cellAlign\": \"center\",\n            \"imagesLoaded\": true,\n            \"lazyLoad\": 1,\n            \"freeScroll\": false,\n            \"wrapAround\": true,\n            \"autoPlay\": 2000,\n            \"pauseAutoPlayOnHover\" : true,\n            \"prevNextButtons\": true,\n            \"contain\" : true,\n            \"adaptiveHeight\" : true,\n            \"dragThreshold\" : 10,\n            \"percentPosition\": true,\n            \"pageDots\": true,\n            \"rightToLeft\": false,\n            \"draggable\": true,\n            \"selectedAttraction\": 0.1,\n            \"parallax\" : 0,\n            \"friction\": 0.6        }'\n        >\n        \n\n\t<div class=\"img has-hover x md-x lg-x y md-y lg-y\" id=\"image_44152994\">\n\t\t\t\t\t\t\t\t<div class=\"img-inner image-cover dark\" style=\"padding-top:50%;\">\n\t\t\t<img loading=\"lazy\" decoding=\"async\" width=\"2048\" height=\"1536\" src=\"https:\/\/gialoiprinting.com.vn\/wp-content\/uploads\/2022\/08\/z3644442636226_cb0e41218b4016963160f41be7658bf5.jpg\" class=\"attachment-original size-original\" alt=\"\" srcset=\"https:\/\/gialoiprinting.com.vn\/wp-content\/uploads\/2022\/08\/z3644442636226_cb0e41218b4016963160f41be7658bf5.jpg 2048w, https:\/\/gialoiprinting.com.vn\/wp-content\/uploads\/2022\/08\/z3644442636226_cb0e41218b4016963160f41be7658bf5-300x225.jpg 300w, https:\/\/gialoiprinting.com.vn\/wp-content\/uploads\/2022\/08\/z3644442636226_cb0e41218b4016963160f41be7658bf5-1024x768.jpg 1024w, https:\/\/gialoiprinting.com.vn\/wp-content\/uploads\/2022\/08\/z3644442636226_cb0e41218b4016963160f41be7658bf5-768x576.jpg 768w, https:\/\/gialoiprinting.com.vn\/wp-content\/uploads\/2022\/08\/z3644442636226_cb0e41218b4016963160f41be7658bf5-1536x1152.jpg 1536w, https:\/\/gialoiprinting.com.vn\/wp-content\/uploads\/2022\/08\/z3644442636226_cb0e41218b4016963160f41be7658bf5-600x450.jpg 600w\" sizes=\"auto, (max-width: 2048px) 100vw, 2048px\" \/>\t\t\t\t\t\t\n\t\t\t\t\t<\/div>\n\t\t\t\t\t\t\t\t\n<style scope=\"scope\">\n\n#image_44152994 {\n  width: 100%;\n}\n<\/style>\n\t<\/div>\n\t\n\n\t<div class=\"img has-hover x md-x lg-x y md-y lg-y\" id=\"image_1764334260\">\n\t\t\t\t\t\t\t\t<div class=\"img-inner image-cover dark\" style=\"padding-top:50%;\">\n\t\t\t<img loading=\"lazy\" decoding=\"async\" width=\"2048\" height=\"1536\" src=\"https:\/\/gialoiprinting.com.vn\/wp-content\/uploads\/2022\/08\/10.png\" class=\"attachment-original size-original\" alt=\"\" srcset=\"https:\/\/gialoiprinting.com.vn\/wp-content\/uploads\/2022\/08\/10.png 2048w, https:\/\/gialoiprinting.com.vn\/wp-content\/uploads\/2022\/08\/10-300x225.png 300w, https:\/\/gialoiprinting.com.vn\/wp-content\/uploads\/2022\/08\/10-1024x768.png 1024w, https:\/\/gialoiprinting.com.vn\/wp-content\/uploads\/2022\/08\/10-768x576.png 768w, https:\/\/gialoiprinting.com.vn\/wp-content\/uploads\/2022\/08\/10-1536x1152.png 1536w, https:\/\/gialoiprinting.com.vn\/wp-content\/uploads\/2022\/08\/10-600x450.png 600w\" sizes=\"auto, (max-width: 2048px) 100vw, 2048px\" \/>\t\t\t\t\t\t\n\t\t\t\t\t<\/div>\n\t\t\t\t\t\t\t\t\n<style scope=\"scope\">\n\n#image_1764334260 {\n  width: 100%;\n}\n<\/style>\n\t<\/div>\n\t\n\n\t<div class=\"img has-hover x md-x lg-x y md-y lg-y\" id=\"image_1485613909\">\n\t\t\t\t\t\t\t\t<div class=\"img-inner image-cover dark\" style=\"padding-top:50%;\">\n\t\t\t<img loading=\"lazy\" decoding=\"async\" width=\"1536\" height=\"2048\" src=\"https:\/\/gialoiprinting.com.vn\/wp-content\/uploads\/2022\/08\/9.png\" class=\"attachment-original size-original\" alt=\"\" srcset=\"https:\/\/gialoiprinting.com.vn\/wp-content\/uploads\/2022\/08\/9.png 1536w, https:\/\/gialoiprinting.com.vn\/wp-content\/uploads\/2022\/08\/9-225x300.png 225w, https:\/\/gialoiprinting.com.vn\/wp-content\/uploads\/2022\/08\/9-768x1024.png 768w, https:\/\/gialoiprinting.com.vn\/wp-content\/uploads\/2022\/08\/9-1152x1536.png 1152w, https:\/\/gialoiprinting.com.vn\/wp-content\/uploads\/2022\/08\/9-600x800.png 600w\" sizes=\"auto, (max-width: 1536px) 100vw, 1536px\" \/>\t\t\t\t\t\t\n\t\t\t\t\t<\/div>\n\t\t\t\t\t\t\t\t\n<style scope=\"scope\">\n\n#image_1485613909 {\n  width: 100%;\n}\n<\/style>\n\t<\/div>\n\t\n\n\t<div class=\"img has-hover x md-x lg-x y md-y lg-y\" id=\"image_1162591484\">\n\t\t\t\t\t\t\t\t<div class=\"img-inner image-cover dark\" style=\"padding-top:50%;\">\n\t\t\t<img loading=\"lazy\" decoding=\"async\" width=\"2048\" height=\"1536\" src=\"https:\/\/gialoiprinting.com.vn\/wp-content\/uploads\/2022\/08\/4.png\" class=\"attachment-original size-original\" alt=\"\" srcset=\"https:\/\/gialoiprinting.com.vn\/wp-content\/uploads\/2022\/08\/4.png 2048w, https:\/\/gialoiprinting.com.vn\/wp-content\/uploads\/2022\/08\/4-300x225.png 300w, https:\/\/gialoiprinting.com.vn\/wp-content\/uploads\/2022\/08\/4-1024x768.png 1024w, https:\/\/gialoiprinting.com.vn\/wp-content\/uploads\/2022\/08\/4-768x576.png 768w, https:\/\/gialoiprinting.com.vn\/wp-content\/uploads\/2022\/08\/4-1536x1152.png 1536w, https:\/\/gialoiprinting.com.vn\/wp-content\/uploads\/2022\/08\/4-600x450.png 600w\" sizes=\"auto, (max-width: 2048px) 100vw, 2048px\" \/>\t\t\t\t\t\t\n\t\t\t\t\t<\/div>\n\t\t\t\t\t\t\t\t\n<style scope=\"scope\">\n\n#image_1162591484 {\n  width: 100%;\n}\n<\/style>\n\t<\/div>\n\t\n\n\t<div class=\"img has-hover x md-x lg-x y md-y lg-y\" id=\"image_1352289442\">\n\t\t\t\t\t\t\t\t<div class=\"img-inner image-cover dark\" style=\"padding-top:50%;\">\n\t\t\t<img loading=\"lazy\" decoding=\"async\" width=\"1020\" height=\"765\" src=\"https:\/\/gialoiprinting.com.vn\/wp-content\/uploads\/2022\/08\/7-1024x768.png\" class=\"attachment-large size-large\" alt=\"\" srcset=\"https:\/\/gialoiprinting.com.vn\/wp-content\/uploads\/2022\/08\/7-1024x768.png 1024w, https:\/\/gialoiprinting.com.vn\/wp-content\/uploads\/2022\/08\/7-300x225.png 300w, https:\/\/gialoiprinting.com.vn\/wp-content\/uploads\/2022\/08\/7-768x576.png 768w, https:\/\/gialoiprinting.com.vn\/wp-content\/uploads\/2022\/08\/7-1536x1152.png 1536w, https:\/\/gialoiprinting.com.vn\/wp-content\/uploads\/2022\/08\/7-600x450.png 600w, https:\/\/gialoiprinting.com.vn\/wp-content\/uploads\/2022\/08\/7.png 2048w\" sizes=\"auto, (max-width: 1020px) 100vw, 1020px\" \/>\t\t\t\t\t\t\n\t\t\t\t\t<\/div>\n\t\t\t\t\t\t\t\t\n<style scope=\"scope\">\n\n#image_1352289442 {\n  width: 100%;\n}\n<\/style>\n\t<\/div>\n\t\n\n\t<div class=\"img has-hover x md-x lg-x y md-y lg-y\" id=\"image_1122861844\">\n\t\t\t\t\t\t\t\t<div class=\"img-inner image-cover dark\" style=\"padding-top:50%;\">\n\t\t\t<img loading=\"lazy\" decoding=\"async\" width=\"768\" height=\"1024\" src=\"https:\/\/gialoiprinting.com.vn\/wp-content\/uploads\/2022\/08\/13-768x1024.png\" class=\"attachment-large size-large\" alt=\"\" srcset=\"https:\/\/gialoiprinting.com.vn\/wp-content\/uploads\/2022\/08\/13-768x1024.png 768w, https:\/\/gialoiprinting.com.vn\/wp-content\/uploads\/2022\/08\/13-225x300.png 225w, https:\/\/gialoiprinting.com.vn\/wp-content\/uploads\/2022\/08\/13-1152x1536.png 1152w, https:\/\/gialoiprinting.com.vn\/wp-content\/uploads\/2022\/08\/13-600x800.png 600w, https:\/\/gialoiprinting.com.vn\/wp-content\/uploads\/2022\/08\/13.png 1536w\" sizes=\"auto, (max-width: 768px) 100vw, 768px\" \/>\t\t\t\t\t\t\n\t\t\t\t\t<\/div>\n\t\t\t\t\t\t\t\t\n<style scope=\"scope\">\n\n#image_1122861844 {\n  width: 100%;\n}\n<\/style>\n\t<\/div>\n\t\n\n\t<div class=\"img has-hover x md-x lg-x y md-y lg-y\" id=\"image_1801101467\">\n\t\t\t\t\t\t\t\t<div class=\"img-inner image-cover dark\" style=\"padding-top:50%;\">\n\t\t\t<img loading=\"lazy\" decoding=\"async\" width=\"1020\" height=\"765\" src=\"https:\/\/gialoiprinting.com.vn\/wp-content\/uploads\/2022\/08\/z3644442337671_70313bb51e1b54a685b595ef7e97b60b-1024x768.jpg\" class=\"attachment-large size-large\" alt=\"\" srcset=\"https:\/\/gialoiprinting.com.vn\/wp-content\/uploads\/2022\/08\/z3644442337671_70313bb51e1b54a685b595ef7e97b60b-1024x768.jpg 1024w, https:\/\/gialoiprinting.com.vn\/wp-content\/uploads\/2022\/08\/z3644442337671_70313bb51e1b54a685b595ef7e97b60b-300x225.jpg 300w, https:\/\/gialoiprinting.com.vn\/wp-content\/uploads\/2022\/08\/z3644442337671_70313bb51e1b54a685b595ef7e97b60b-768x576.jpg 768w, https:\/\/gialoiprinting.com.vn\/wp-content\/uploads\/2022\/08\/z3644442337671_70313bb51e1b54a685b595ef7e97b60b-1536x1152.jpg 1536w, https:\/\/gialoiprinting.com.vn\/wp-content\/uploads\/2022\/08\/z3644442337671_70313bb51e1b54a685b595ef7e97b60b-600x450.jpg 600w, https:\/\/gialoiprinting.com.vn\/wp-content\/uploads\/2022\/08\/z3644442337671_70313bb51e1b54a685b595ef7e97b60b.jpg 2048w\" sizes=\"auto, (max-width: 1020px) 100vw, 1020px\" \/>\t\t\t\t\t\t\n\t\t\t\t\t<\/div>\n\t\t\t\t\t\t\t\t\n<style scope=\"scope\">\n\n#image_1801101467 {\n  width: 100%;\n}\n<\/style>\n\t<\/div>\n\t\n\n\t<div class=\"img has-hover x md-x lg-x y md-y lg-y\" id=\"image_981057948\">\n\t\t\t\t\t\t\t\t<div class=\"img-inner image-cover dark\" style=\"padding-top:50%;\">\n\t\t\t<img loading=\"lazy\" decoding=\"async\" width=\"1020\" height=\"765\" src=\"https:\/\/gialoiprinting.com.vn\/wp-content\/uploads\/2022\/08\/z3644442323233_bf3aa4223e9cf4998e3b5eb6c7b7acb9-1024x768.jpg\" class=\"attachment-large size-large\" alt=\"\" srcset=\"https:\/\/gialoiprinting.com.vn\/wp-content\/uploads\/2022\/08\/z3644442323233_bf3aa4223e9cf4998e3b5eb6c7b7acb9-1024x768.jpg 1024w, https:\/\/gialoiprinting.com.vn\/wp-content\/uploads\/2022\/08\/z3644442323233_bf3aa4223e9cf4998e3b5eb6c7b7acb9-300x225.jpg 300w, https:\/\/gialoiprinting.com.vn\/wp-content\/uploads\/2022\/08\/z3644442323233_bf3aa4223e9cf4998e3b5eb6c7b7acb9-768x576.jpg 768w, https:\/\/gialoiprinting.com.vn\/wp-content\/uploads\/2022\/08\/z3644442323233_bf3aa4223e9cf4998e3b5eb6c7b7acb9-1536x1152.jpg 1536w, https:\/\/gialoiprinting.com.vn\/wp-content\/uploads\/2022\/08\/z3644442323233_bf3aa4223e9cf4998e3b5eb6c7b7acb9-600x450.jpg 600w, https:\/\/gialoiprinting.com.vn\/wp-content\/uploads\/2022\/08\/z3644442323233_bf3aa4223e9cf4998e3b5eb6c7b7acb9.jpg 2048w\" sizes=\"auto, (max-width: 1020px) 100vw, 1020px\" \/>\t\t\t\t\t\t\n\t\t\t\t\t<\/div>\n\t\t\t\t\t\t\t\t\n<style scope=\"scope\">\n\n#image_981057948 {\n  width: 100%;\n}\n<\/style>\n\t<\/div>\n\t\n\n\t<div class=\"img has-hover x md-x lg-x y md-y lg-y\" id=\"image_32013862\">\n\t\t\t\t\t\t\t\t<div class=\"img-inner image-cover dark\" style=\"padding-top:50%;\">\n\t\t\t<img loading=\"lazy\" decoding=\"async\" width=\"1020\" height=\"765\" src=\"https:\/\/gialoiprinting.com.vn\/wp-content\/uploads\/2022\/08\/z3644442299083_47e59eb101a4ffed9c8a7afacc2ded77-1024x768.jpg\" class=\"attachment-large size-large\" alt=\"\" srcset=\"https:\/\/gialoiprinting.com.vn\/wp-content\/uploads\/2022\/08\/z3644442299083_47e59eb101a4ffed9c8a7afacc2ded77-1024x768.jpg 1024w, https:\/\/gialoiprinting.com.vn\/wp-content\/uploads\/2022\/08\/z3644442299083_47e59eb101a4ffed9c8a7afacc2ded77-300x225.jpg 300w, https:\/\/gialoiprinting.com.vn\/wp-content\/uploads\/2022\/08\/z3644442299083_47e59eb101a4ffed9c8a7afacc2ded77-768x576.jpg 768w, https:\/\/gialoiprinting.com.vn\/wp-content\/uploads\/2022\/08\/z3644442299083_47e59eb101a4ffed9c8a7afacc2ded77-1536x1152.jpg 1536w, https:\/\/gialoiprinting.com.vn\/wp-content\/uploads\/2022\/08\/z3644442299083_47e59eb101a4ffed9c8a7afacc2ded77-600x450.jpg 600w, https:\/\/gialoiprinting.com.vn\/wp-content\/uploads\/2022\/08\/z3644442299083_47e59eb101a4ffed9c8a7afacc2ded77.jpg 2048w\" sizes=\"auto, (max-width: 1020px) 100vw, 1020px\" \/>\t\t\t\t\t\t\n\t\t\t\t\t<\/div>\n\t\t\t\t\t\t\t\t\n<style scope=\"scope\">\n\n#image_32013862 {\n  width: 100%;\n}\n<\/style>\n\t<\/div>\n\t\n\n\t<div class=\"img has-hover x md-x lg-x y md-y lg-y\" id=\"image_740397414\">\n\t\t\t\t\t\t\t\t<div class=\"img-inner image-cover dark\" style=\"padding-top:50%;\">\n\t\t\t<img loading=\"lazy\" decoding=\"async\" width=\"1020\" height=\"765\" src=\"https:\/\/gialoiprinting.com.vn\/wp-content\/uploads\/2022\/08\/z3644442295533_4f3b88ec6ef5ca9f74885e85a89d2c02-1024x768.jpg\" class=\"attachment-large size-large\" alt=\"\" srcset=\"https:\/\/gialoiprinting.com.vn\/wp-content\/uploads\/2022\/08\/z3644442295533_4f3b88ec6ef5ca9f74885e85a89d2c02-1024x768.jpg 1024w, https:\/\/gialoiprinting.com.vn\/wp-content\/uploads\/2022\/08\/z3644442295533_4f3b88ec6ef5ca9f74885e85a89d2c02-300x225.jpg 300w, https:\/\/gialoiprinting.com.vn\/wp-content\/uploads\/2022\/08\/z3644442295533_4f3b88ec6ef5ca9f74885e85a89d2c02-768x576.jpg 768w, https:\/\/gialoiprinting.com.vn\/wp-content\/uploads\/2022\/08\/z3644442295533_4f3b88ec6ef5ca9f74885e85a89d2c02-1536x1152.jpg 1536w, https:\/\/gialoiprinting.com.vn\/wp-content\/uploads\/2022\/08\/z3644442295533_4f3b88ec6ef5ca9f74885e85a89d2c02-600x450.jpg 600w, https:\/\/gialoiprinting.com.vn\/wp-content\/uploads\/2022\/08\/z3644442295533_4f3b88ec6ef5ca9f74885e85a89d2c02.jpg 2048w\" sizes=\"auto, (max-width: 1020px) 100vw, 1020px\" \/>\t\t\t\t\t\t\n\t\t\t\t\t<\/div>\n\t\t\t\t\t\t\t\t\n<style scope=\"scope\">\n\n#image_740397414 {\n  width: 100%;\n}\n<\/style>\n\t<\/div>\n\t\n\n\t<div class=\"img has-hover x md-x lg-x y md-y lg-y\" id=\"image_1232904820\">\n\t\t\t\t\t\t\t\t<div class=\"img-inner image-cover dark\" style=\"padding-top:50%;\">\n\t\t\t<img loading=\"lazy\" decoding=\"async\" width=\"1020\" height=\"765\" src=\"https:\/\/gialoiprinting.com.vn\/wp-content\/uploads\/2022\/08\/z3644442313294_795de79e1e0a8b3307cfeb8005d860be-1024x768.jpg\" class=\"attachment-large size-large\" alt=\"\" srcset=\"https:\/\/gialoiprinting.com.vn\/wp-content\/uploads\/2022\/08\/z3644442313294_795de79e1e0a8b3307cfeb8005d860be-1024x768.jpg 1024w, https:\/\/gialoiprinting.com.vn\/wp-content\/uploads\/2022\/08\/z3644442313294_795de79e1e0a8b3307cfeb8005d860be-300x225.jpg 300w, https:\/\/gialoiprinting.com.vn\/wp-content\/uploads\/2022\/08\/z3644442313294_795de79e1e0a8b3307cfeb8005d860be-768x576.jpg 768w, https:\/\/gialoiprinting.com.vn\/wp-content\/uploads\/2022\/08\/z3644442313294_795de79e1e0a8b3307cfeb8005d860be-1536x1152.jpg 1536w, https:\/\/gialoiprinting.com.vn\/wp-content\/uploads\/2022\/08\/z3644442313294_795de79e1e0a8b3307cfeb8005d860be-600x450.jpg 600w, https:\/\/gialoiprinting.com.vn\/wp-content\/uploads\/2022\/08\/z3644442313294_795de79e1e0a8b3307cfeb8005d860be.jpg 2048w\" sizes=\"auto, (max-width: 1020px) 100vw, 1020px\" \/>\t\t\t\t\t\t\n\t\t\t\t\t<\/div>\n\t\t\t\t\t\t\t\t\n<style scope=\"scope\">\n\n#image_1232904820 {\n  width: 100%;\n}\n<\/style>\n\t<\/div>\n\t\n\n\t<div class=\"img has-hover x md-x lg-x y md-y lg-y\" id=\"image_495690402\">\n\t\t\t\t\t\t\t\t<div class=\"img-inner image-cover dark\" style=\"padding-top:50%;\">\n\t\t\t<img loading=\"lazy\" decoding=\"async\" width=\"1020\" height=\"765\" src=\"https:\/\/gialoiprinting.com.vn\/wp-content\/uploads\/2022\/08\/z3644442343346_8011dd42692e87f586ffba61cffd7ed3-1024x768.jpg\" class=\"attachment-large size-large\" alt=\"\" srcset=\"https:\/\/gialoiprinting.com.vn\/wp-content\/uploads\/2022\/08\/z3644442343346_8011dd42692e87f586ffba61cffd7ed3-1024x768.jpg 1024w, https:\/\/gialoiprinting.com.vn\/wp-content\/uploads\/2022\/08\/z3644442343346_8011dd42692e87f586ffba61cffd7ed3-300x225.jpg 300w, https:\/\/gialoiprinting.com.vn\/wp-content\/uploads\/2022\/08\/z3644442343346_8011dd42692e87f586ffba61cffd7ed3-768x576.jpg 768w, https:\/\/gialoiprinting.com.vn\/wp-content\/uploads\/2022\/08\/z3644442343346_8011dd42692e87f586ffba61cffd7ed3-1536x1152.jpg 1536w, https:\/\/gialoiprinting.com.vn\/wp-content\/uploads\/2022\/08\/z3644442343346_8011dd42692e87f586ffba61cffd7ed3-600x450.jpg 600w, https:\/\/gialoiprinting.com.vn\/wp-content\/uploads\/2022\/08\/z3644442343346_8011dd42692e87f586ffba61cffd7ed3.jpg 2048w\" sizes=\"auto, (max-width: 1020px) 100vw, 1020px\" \/>\t\t\t\t\t\t\n\t\t\t\t\t<\/div>\n\t\t\t\t\t\t\t\t\n<style scope=\"scope\">\n\n#image_495690402 {\n  width: 100%;\n}\n<\/style>\n\t<\/div>\n\t\n\n\t<div class=\"img has-hover x md-x lg-x y md-y lg-y\" id=\"image_1186509757\">\n\t\t\t\t\t\t\t\t<div class=\"img-inner image-cover dark\" style=\"padding-top:50%;\">\n\t\t\t<img loading=\"lazy\" decoding=\"async\" width=\"1020\" height=\"765\" src=\"https:\/\/gialoiprinting.com.vn\/wp-content\/uploads\/2022\/08\/z3644442419802_a9663b14819bb44786bee774347bd7c9-1024x768.jpg\" class=\"attachment-large size-large\" alt=\"\" srcset=\"https:\/\/gialoiprinting.com.vn\/wp-content\/uploads\/2022\/08\/z3644442419802_a9663b14819bb44786bee774347bd7c9-1024x768.jpg 1024w, https:\/\/gialoiprinting.com.vn\/wp-content\/uploads\/2022\/08\/z3644442419802_a9663b14819bb44786bee774347bd7c9-300x225.jpg 300w, https:\/\/gialoiprinting.com.vn\/wp-content\/uploads\/2022\/08\/z3644442419802_a9663b14819bb44786bee774347bd7c9-768x576.jpg 768w, https:\/\/gialoiprinting.com.vn\/wp-content\/uploads\/2022\/08\/z3644442419802_a9663b14819bb44786bee774347bd7c9-1536x1152.jpg 1536w, https:\/\/gialoiprinting.com.vn\/wp-content\/uploads\/2022\/08\/z3644442419802_a9663b14819bb44786bee774347bd7c9-600x450.jpg 600w, https:\/\/gialoiprinting.com.vn\/wp-content\/uploads\/2022\/08\/z3644442419802_a9663b14819bb44786bee774347bd7c9.jpg 2048w\" sizes=\"auto, (max-width: 1020px) 100vw, 1020px\" \/>\t\t\t\t\t\t\n\t\t\t\t\t<\/div>\n\t\t\t\t\t\t\t\t\n<style scope=\"scope\">\n\n#image_1186509757 {\n  width: 100%;\n}\n<\/style>\n\t<\/div>\n\t\n\n\n     <\/div>\n\n     <div class=\"loading-spin dark large centered\"><\/div>\n\n     <style scope=\"scope\">\n             <\/style>\n<\/div><!-- .ux-slider-wrapper -->\n\n\n\n<\/div><\/div>\n\n\n<style scope=\"scope\">\n\n<\/style>\n<\/div>\n<div class=\"row\"  id=\"row-1208350005\">\n<div class=\"col small-12 large-12\"  ><div class=\"col-inner text-center\"  >\n<h1><span style=\"color: #b11116;\">Contact<\/span><\/h1>\n<\/div><\/div>\n<div class=\"col medium-6 small-12 large-6\"  ><div class=\"col-inner\"  >\n<div class=\"tieude\">\n<h2 class=\"ten_tieude\"><strong style=\"color: #b11116;\"> Gia Loi Company Limited<\/strong><\/h2>\n<\/div>\n<div class=\"lh_cont\">\n<div class=\"noidung_i\">\n<p><strong>Address: <\/strong>268\/12 An Ph\u00fa \u0110\u00f4ng 3, ph\u01b0\u1eddng An Ph\u00fa \u0110\u00f4ng, qu\u1eadn 12<\/p>\n<p><strong>Phone: <\/strong>0918098669<\/p>\n<p><strong>Email: <\/strong>kinhdoanh1@gialoiprinting.com.vn<\/p>\n<p><strong>Website:\u00a0<\/strong><\/p>\n<\/div>\n<\/div>\n<\/div><\/div>\n<div class=\"col medium-6 small-12 large-6\"  ><div class=\"col-inner\"  >\n<div role=\"form\" class=\"wpcf7\" id=\"wpcf7-f543-o1\" lang=\"vi-VN\" dir=\"ltr\">\n<div class=\"screen-reader-response\"><p role=\"status\" aria-live=\"polite\" aria-atomic=\"true\"><\/p> <ul><\/ul><\/div>\n<form action=\"\/en\/wp-json\/wp\/v2\/pages\/465#wpcf7-f543-o1\" method=\"post\" class=\"wpcf7-form init\" novalidate=\"novalidate\" data-status=\"init\">\n<div style=\"display: none;\">\n<input type=\"hidden\" name=\"_wpcf7\" value=\"543\" \/>\n<input type=\"hidden\" name=\"_wpcf7_version\" value=\"5.5.2\" \/>\n<input type=\"hidden\" name=\"_wpcf7_locale\" value=\"vi_VN\" \/>\n<input type=\"hidden\" name=\"_wpcf7_unit_tag\" value=\"wpcf7-f543-o1\" \/>\n<input type=\"hidden\" name=\"_wpcf7_container_post\" value=\"0\" \/>\n<input type=\"hidden\" name=\"_wpcf7_posted_data_hash\" value=\"\" \/>\n<\/div>\n<div class=\"class_form\">\n<div class=\"text_input\">\n<span class=\"wpcf7-form-control-wrap name-183\"><input type=\"text\" name=\"name-183\" value=\"\" size=\"40\" class=\"wpcf7-form-control wpcf7-text wpcf7-validates-as-required\" aria-required=\"true\" aria-invalid=\"false\" placeholder=\"Name\" \/><\/span><br \/>\n<span class=\"wpcf7-form-control-wrap email-186\"><input type=\"email\" name=\"email-186\" value=\"\" size=\"40\" class=\"wpcf7-form-control wpcf7-text wpcf7-email wpcf7-validates-as-email\" aria-invalid=\"false\" placeholder=\"Email\" \/><\/span><br \/>\n<span class=\"wpcf7-form-control-wrap sdt1\"><input type=\"tel\" name=\"sdt1\" value=\"\" size=\"40\" class=\"wpcf7-form-control wpcf7-text wpcf7-tel wpcf7-validates-as-tel\" aria-invalid=\"false\" placeholder=\"Phone\" \/><\/span><br \/>\n<span class=\"wpcf7-form-control-wrap noidung1\"><textarea name=\"noidung1\" cols=\"40\" rows=\"10\" class=\"wpcf7-form-control wpcf7-textarea\" aria-invalid=\"false\" placeholder=\"Message\"><\/textarea><\/span>\n<\/div>\n<div class=\"btn_send\"><input type=\"submit\" value=\"Send \u2192\" class=\"wpcf7-form-control has-spinner wpcf7-submit\" \/> <\/div>\n<\/div>\n<p style=\"display: none !important;\" class=\"akismet-fields-container\" data-prefix=\"_wpcf7_ak_\"><label>&#916;<textarea name=\"_wpcf7_ak_hp_textarea\" cols=\"45\" rows=\"8\" maxlength=\"100\"><\/textarea><\/label><input type=\"hidden\" id=\"ak_js_1\" name=\"_wpcf7_ak_js\" value=\"35\"\/><script>document.getElementById( \"ak_js_1\" ).setAttribute( \"value\", ( new Date() ).getTime() );<\/script><\/p><div class=\"wpcf7-response-output\" aria-hidden=\"true\"><\/div><\/form><\/div>\n<\/div><\/div>\n<div class=\"col small-12 large-12\"  ><div class=\"col-inner\"  >\n<p><iframe loading=\"lazy\" style=\"border: 0;\" src=\"https:\/\/www.google.com\/maps\/embed?pb=!1m18!1m12!1m3!1d3918.4396672880243!2d106.7004358505913!3d10.854125692230882!2m3!1f0!2f0!3f0!3m2!1i1024!2i768!4f13.1!3m3!1m2!1s0x3175286ad43574e3%3A0x232d9ad07e5f13e9!2zMjY4IEFuIFBow7ogxJDDtG5nIDMsIEFuIFBow7ogxJDDtG5nLCBRdeG6rW4gMTIsIEjhu5MgQ2jDrSBNaW5oLCBWaeG7h3QgTmFt!5e0!3m2!1svi!2s!4v1554780230272!5m2!1svi!2s\" width=\"1500\" height=\"450\" frameborder=\"0\" allowfullscreen=\"allowfullscreen\"><\/iframe><\/p>\n<\/div><\/div>\n<\/div>\n<!-- AddThis Advanced Settings generic via filter on the_content -->","protected":false},"excerpt":{"rendered":"<p><!-- AddThis Advanced Settings generic via filter on get_the_excerpt --><\/p>\n","protected":false},"author":1,"featured_media":0,"parent":0,"menu_order":0,"comment_status":"closed","ping_status":"closed","template":"page-blank.php","meta":{"footnotes":""},"class_list":["post-465","page","type-page","status-publish","hentry"],"yoast_head":"<!-- This site is optimized with the Yoast SEO plugin v23.8 - https:\/\/yoast.com\/wordpress\/plugins\/seo\/ -->\n<title>Contact - Nh\u00e3n m\u00e1c Label<\/title>\n<meta name=\"robots\" content=\"index, follow, max-snippet:-1, max-image-preview:large, max-video-preview:-1\" \/>\n<link rel=\"canonical\" href=\"https:\/\/gialoiprinting.com.vn\/lien-he\/\" \/>\n<meta property=\"og:locale\" content=\"en_US\" \/>\n<meta property=\"og:type\" content=\"article\" \/>\n<meta property=\"og:title\" content=\"Contact - Nh\u00e3n m\u00e1c Label\" \/>\n<meta property=\"og:url\" content=\"https:\/\/gialoiprinting.com.vn\/lien-he\/\" \/>\n<meta property=\"og:site_name\" content=\"Nh\u00e3n m\u00e1c Label\" \/>\n<meta property=\"article:modified_time\" content=\"2021-11-08T03:17:16+00:00\" \/>\n<meta name=\"twitter:card\" content=\"summary_large_image\" \/>\n<script type=\"application\/ld+json\" class=\"yoast-schema-graph\">{\"@context\":\"https:\/\/schema.org\",\"@graph\":[{\"@type\":\"WebPage\",\"@id\":\"https:\/\/gialoiprinting.com.vn\/lien-he\/\",\"url\":\"https:\/\/gialoiprinting.com.vn\/lien-he\/\",\"name\":\"Contact - Nh\u00e3n m\u00e1c Label\",\"isPartOf\":{\"@id\":\"https:\/\/gialoiprinting.com.vn\/#website\"},\"datePublished\":\"2019-04-05T01:57:53+00:00\",\"dateModified\":\"2021-11-08T03:17:16+00:00\",\"breadcrumb\":{\"@id\":\"https:\/\/gialoiprinting.com.vn\/lien-he\/#breadcrumb\"},\"inLanguage\":\"en-US\",\"potentialAction\":[{\"@type\":\"ReadAction\",\"target\":[\"https:\/\/gialoiprinting.com.vn\/lien-he\/\"]}]},{\"@type\":\"BreadcrumbList\",\"@id\":\"https:\/\/gialoiprinting.com.vn\/lien-he\/#breadcrumb\",\"itemListElement\":[{\"@type\":\"ListItem\",\"position\":1,\"name\":\"Home\",\"item\":\"https:\/\/gialoiprinting.com.vn\/\"},{\"@type\":\"ListItem\",\"position\":2,\"name\":\"Contact\"}]},{\"@type\":\"WebSite\",\"@id\":\"https:\/\/gialoiprinting.com.vn\/#website\",\"url\":\"https:\/\/gialoiprinting.com.vn\/\",\"name\":\"Nh\u00e3n m\u00e1c Label\",\"description\":\"\",\"potentialAction\":[{\"@type\":\"SearchAction\",\"target\":{\"@type\":\"EntryPoint\",\"urlTemplate\":\"https:\/\/gialoiprinting.com.vn\/?s={search_term_string}\"},\"query-input\":{\"@type\":\"PropertyValueSpecification\",\"valueRequired\":true,\"valueName\":\"search_term_string\"}}],\"inLanguage\":\"en-US\"}]}<\/script>\n<!-- \/ Yoast SEO plugin. -->","yoast_head_json":{"title":"Contact - Nh\u00e3n m\u00e1c Label","robots":{"index":"index","follow":"follow","max-snippet":"max-snippet:-1","max-image-preview":"max-image-preview:large","max-video-preview":"max-video-preview:-1"},"canonical":"https:\/\/gialoiprinting.com.vn\/lien-he\/","og_locale":"en_US","og_type":"article","og_title":"Contact - Nh\u00e3n m\u00e1c Label","og_url":"https:\/\/gialoiprinting.com.vn\/lien-he\/","og_site_name":"Nh\u00e3n m\u00e1c Label","article_modified_time":"2021-11-08T03:17:16+00:00","twitter_card":"summary_large_image","schema":{"@context":"https:\/\/schema.org","@graph":[{"@type":"WebPage","@id":"https:\/\/gialoiprinting.com.vn\/lien-he\/","url":"https:\/\/gialoiprinting.com.vn\/lien-he\/","name":"Contact - Nh\u00e3n m\u00e1c Label","isPartOf":{"@id":"https:\/\/gialoiprinting.com.vn\/#website"},"datePublished":"2019-04-05T01:57:53+00:00","dateModified":"2021-11-08T03:17:16+00:00","breadcrumb":{"@id":"https:\/\/gialoiprinting.com.vn\/lien-he\/#breadcrumb"},"inLanguage":"en-US","potentialAction":[{"@type":"ReadAction","target":["https:\/\/gialoiprinting.com.vn\/lien-he\/"]}]},{"@type":"BreadcrumbList","@id":"https:\/\/gialoiprinting.com.vn\/lien-he\/#breadcrumb","itemListElement":[{"@type":"ListItem","position":1,"name":"Home","item":"https:\/\/gialoiprinting.com.vn\/"},{"@type":"ListItem","position":2,"name":"Contact"}]},{"@type":"WebSite","@id":"https:\/\/gialoiprinting.com.vn\/#website","url":"https:\/\/gialoiprinting.com.vn\/","name":"Nh\u00e3n m\u00e1c Label","description":"","potentialAction":[{"@type":"SearchAction","target":{"@type":"EntryPoint","urlTemplate":"https:\/\/gialoiprinting.com.vn\/?s={search_term_string}"},"query-input":{"@type":"PropertyValueSpecification","valueRequired":true,"valueName":"search_term_string"}}],"inLanguage":"en-US"}]}},"_links":{"self":[{"href":"https:\/\/gialoiprinting.com.vn\/en\/wp-json\/wp\/v2\/pages\/465","targetHints":{"allow":["GET"]}}],"collection":[{"href":"https:\/\/gialoiprinting.com.vn\/en\/wp-json\/wp\/v2\/pages"}],"about":[{"href":"https:\/\/gialoiprinting.com.vn\/en\/wp-json\/wp\/v2\/types\/page"}],"author":[{"embeddable":true,"href":"https:\/\/gialoiprinting.com.vn\/en\/wp-json\/wp\/v2\/users\/1"}],"replies":[{"embeddable":true,"href":"https:\/\/gialoiprinting.com.vn\/en\/wp-json\/wp\/v2\/comments?post=465"}],"version-history":[{"count":4,"href":"https:\/\/gialoiprinting.com.vn\/en\/wp-json\/wp\/v2\/pages\/465\/revisions"}],"predecessor-version":[{"id":893,"href":"https:\/\/gialoiprinting.com.vn\/en\/wp-json\/wp\/v2\/pages\/465\/revisions\/893"}],"wp:attachment":[{"href":"https:\/\/gialoiprinting.com.vn\/en\/wp-json\/wp\/v2\/media?parent=465"}],"curies":[{"name":"wp","href":"https:\/\/api.w.org\/{rel}","templated":true}]}}